{"id":25,"date":"2017-05-17T20:05:52","date_gmt":"2017-05-17T20:05:52","guid":{"rendered":"https:\/\/ursaturkey.com\/?page_id=25"},"modified":"2024-12-06T12:48:07","modified_gmt":"2024-12-06T09:48:07","slug":"contact","status":"publish","type":"page","link":"https:\/\/ursaturkey.com\/en\/contact\/","title":{"rendered":"Contact"},"content":{"rendered":"<p>[vc_section full_width=&#8221;stretch_row&#8221;][vc_row content_placement=&#8221;top&#8221;][vc_column offset=&#8221;vc_col-lg-6 vc_col-md-6&#8243;]<div class=\"heading  default align-left color-black transform-default icon-type-hidden   vc_custom_1614774142707 heading-tag-h4\" id=\"like_sc_header_69705453\"><h4 class=\"header ltx-sr-id-like_sc_header_697054531222273749 ltx-sr ltx-sr-effect-fade_in ltx-sr-el-block ltx-sr-delay-0 ltx-sr-duration-1000 ltx-sr-sequences-0\">Contact Information<\/h4><\/div><div class=\"align-default \"><ul class=\"social-icons-list   vc_custom_1733478430433 bg-main  icon-weight-bold\" id=\"like_sc_header_411311771\"><li class=\" \"><a href=\"tel:+908508886745\"><span class=\"ltx-social-color fas fa-phone-alt\"><\/span><span class=\"head\">+90 216 888\u00a01\u00a0555<\/span><\/a><\/li><li class=\" \"><a href=\"mailto:info@ursaturkey.com\"><span class=\"ltx-social-color fas fa-envelope\"><\/span><span class=\"head\">info@ursaturkey.com<\/span><\/a><\/li><li class=\" \"><span class=\"fas fa-map-marker-alt\"><\/span><span class=\"head\">Sahray\u0131cedit Mah. Batman Sk. No: 30 \u0130\u00e7 Kap\u0131 No: 1 Kad\u0131k\u00f6y \/ \u0130stanbul<\/span><\/li><\/ul><\/div><div class=\"heading  default align-left color-black subcolor-main transform-default icon-type-hidden   vc_custom_1614774161424 heading-tag-h4\" id=\"like_sc_header_1986677611\"><h4 class=\"header ltx-sr-id-like_sc_header_19866776111543862049 ltx-sr ltx-sr-effect-fade_in ltx-sr-el-block ltx-sr-delay-0 ltx-sr-duration-1000 ltx-sr-sequences-0\">Our Working Hours<\/h4><\/div>[vc_column_text]<strong>Weekdays:<\/strong> 09:00 &#8211; 19:00<br \/>\n<strong>Saturday:<\/strong> 09:00 &#8211; 13:00<br \/>\n<strong>Sunday:<\/strong> Closed[\/vc_column_text][\/vc_column][vc_column css=&#8221;.vc_custom_1713312721903{margin-top: 0px !important;padding-top: 0px !important;background-image: url(https:\/\/ursaturkey.com\/wp-content\/uploads\/2017\/05\/contact-bg.png?id=2234) !important;background-position: center !important;background-repeat: no-repeat !important;background-size: cover !important;}&#8221; offset=&#8221;vc_col-lg-6 vc_col-md-6&#8243;]<div class=\"es-resp\">\t<div class=\"visible-xl\" style=\"height: 0px;\"><\/div>\t<div class=\"hidden-xl hidden-md hidden-sm hidden-ms hidden-xs\" style=\"height: 0px;\"><\/div>\t<div class=\"visible-md\" style=\"height: 0px;\"><\/div>\t<div class=\"visible-sm \" style=\"height: 48px;\"><\/div>\t<div class=\"visible-ms\" style=\"height: 48px;\"><\/div>\t<div class=\"visible-xs\" style=\"height: 48px;\"><\/div><\/div>[vc_raw_html]JTNDaWZyYW1lJTIwc3JjJTNEJTIyaHR0cHMlM0ElMkYlMkZ3d3cuZ29vZ2xlLmNvbSUyRm1hcHMlMkZlbWJlZCUzRnBiJTNEJTIxMW0xOCUyMTFtMTIlMjExbTMlMjExZDQ2NDQuNjM0Mzc0MDE5OTA3JTIxMmQyOS4wNzk1OTkxNDk1NTUlMjEzZDQwLjk4ODY0NDAwODM2NzA1JTIxMm0zJTIxMWYwJTIxMmYwJTIxM2YwJTIxM20yJTIxMWkxMDI0JTIxMmk3NjglMjE0ZjEzLjElMjEzbTMlMjExbTIlMjExczB4MTRjYWM3YzhjN2MxNDMxYiUyNTNBMHgzYzA5YzU4Nzg4MTA2ZDQ2JTIxMnpVMkZvY21GNXhMRWdRMlZrYVhRc0lFSmhkRzFoYmlCVGF5NGdUbTg2TXpBc0lETTBOek0wSUV0aFpNU3hhOE8yZVNfRXNITjBZVzVpZFd3JTIxNWUwJTIxM20yJTIxMXN0ciUyMTJzdHIlMjE0djE3MzM0Nzg0NTgwMTElMjE1bTIlMjExc3RyJTIxMnN0ciUyMiUyMHdpZHRoJTNEJTIyMTAwJTI1JTIyJTIwaGVpZ2h0JTNEJTIyNTAwJTIyJTIwc3R5bGUlM0QlMjJib3JkZXIlM0EwJTNCJTIyJTIwYWxsb3dmdWxsc2NyZWVuJTNEJTIyJTIyJTIwbG9hZGluZyUzRCUyMmxhenklMjIlMjByZWZlcnJlcnBvbGljeSUzRCUyMm5vLXJlZmVycmVyLXdoZW4tZG93bmdyYWRlJTIyJTNFJTNDJTJGaWZyYW1lJTNF[\/vc_raw_html]<div class=\"es-resp\">\t<div class=\"hidden-xl hidden-md hidden-sm hidden-ms hidden-xs\" style=\"height: 28px;\"><\/div>\t<div class=\"visible-md\" style=\"height: 28px;\"><\/div>\t<div class=\"visible-sm \" style=\"height: 28px;\"><\/div>\t<div class=\"visible-ms\" style=\"height: 28px;\"><\/div>\t<div class=\"visible-xs\" style=\"height: 28px;\"><\/div><\/div>[\/vc_column][\/vc_row][vc_row][vc_column][vc_empty_space height=&#8221;72&#8243;][\/vc_column][\/vc_row][\/vc_section]<\/p>\n","protected":false},"excerpt":{"rendered":"<p>[vc_section full_width=&#8221;stretch_row&#8221;][vc_row content_placement=&#8221;top&#8221;][vc_column offset=&#8221;vc_col-lg-6 vc_col-md-6&#8243;][vc_column_text]Weekdays: 09:00 &#8211; 19:00 Saturday: 09:00 &#8211; 13:00 Sunday: Closed[\/vc_column_text][\/vc_column][vc_column css=&#8221;.vc_custom_1713312721903{margin-top: 0px !important;padding-top: 0px !important;background-image: url(https:\/\/ursaturkey.com\/wp-content\/uploads\/2017\/05\/contact-bg.png?id=2234) !important;background-position: center !important;background-repeat: no-repeat !important;background-size: cover !important;}&#8221; offset=&#8221;vc_col-lg-6 vc_col-md-6&#8243;][vc_raw_html]JTNDaWZyYW1lJTIwc3JjJTNEJTIyaHR0cHMlM0ElMkYlMkZ3d3cuZ29vZ2xlLmNvbSUyRm1hcHMlMkZlbWJlZCUzRnBiJTNEJTIxMW0xOCUyMTFtMTIlMjExbTMlMjExZDQ2NDQuNjM0Mzc0MDE5OTA3JTIxMmQyOS4wNzk1OTkxNDk1NTUlMjEzZDQwLjk4ODY0NDAwODM2NzA1JTIxMm0zJTIxMWYwJTIxMmYwJTIxM2YwJTIxM20yJTIxMWkxMDI0JTIxMmk3NjglMjE0ZjEzLjElMjEzbTMlMjExbTIlMjExczB4MTRjYWM3YzhjN2MxNDMxYiUyNTNBMHgzYzA5YzU4Nzg4MTA2ZDQ2JTIxMnpVMkZvY21GNXhMRWdRMlZrYVhRc0lFSmhkRzFoYmlCVGF5NGdUbTg2TXpBc0lETTBOek0wSUV0aFpNU3hhOE8yZVNfRXNITjBZVzVpZFd3JTIxNWUwJTIxM20yJTIxMXN0ciUyMTJzdHIlMjE0djE3MzM0Nzg0NTgwMTElMjE1bTIlMjExc3RyJTIxMnN0ciUyMiUyMHdpZHRoJTNEJTIyMTAwJTI1JTIyJTIwaGVpZ2h0JTNEJTIyNTAwJTIyJTIwc3R5bGUlM0QlMjJib3JkZXIlM0EwJTNCJTIyJTIwYWxsb3dmdWxsc2NyZWVuJTNEJTIyJTIyJTIwbG9hZGluZyUzRCUyMmxhenklMjIlMjByZWZlcnJlcnBvbGljeSUzRCUyMm5vLXJlZmVycmVyLXdoZW4tZG93bmdyYWRlJTIyJTNFJTNDJTJGaWZyYW1lJTNF[\/vc_raw_html][\/vc_column][\/vc_row][vc_row][vc_column][vc_empty_space height=&#8221;72&#8243;][\/vc_column][\/vc_row][\/vc_section]<\/p>\n","protected":false},"author":1,"featured_media":0,"parent":0,"menu_order":0,"comment_status":"closed","ping_status":"closed","template":"","meta":{"footnotes":""},"class_list":["post-25","page","type-page","status-publish","hentry"],"_links":{"self":[{"href":"https:\/\/ursaturkey.com\/en\/wp-json\/wp\/v2\/pages\/25","targetHints":{"allow":["GET"]}}],"collection":[{"href":"https:\/\/ursaturkey.com\/en\/wp-json\/wp\/v2\/pages"}],"about":[{"href":"https:\/\/ursaturkey.com\/en\/wp-json\/wp\/v2\/types\/page"}],"author":[{"embeddable":true,"href":"https:\/\/ursaturkey.com\/en\/wp-json\/wp\/v2\/users\/1"}],"replies":[{"embeddable":true,"href":"https:\/\/ursaturkey.com\/en\/wp-json\/wp\/v2\/comments?post=25"}],"version-history":[{"count":10,"href":"https:\/\/ursaturkey.com\/en\/wp-json\/wp\/v2\/pages\/25\/revisions"}],"predecessor-version":[{"id":11235,"href":"https:\/\/ursaturkey.com\/en\/wp-json\/wp\/v2\/pages\/25\/revisions\/11235"}],"wp:attachment":[{"href":"https:\/\/ursaturkey.com\/en\/wp-json\/wp\/v2\/media?parent=25"}],"curies":[{"name":"wp","href":"https:\/\/api.w.org\/{rel}","templated":true}]}}